{"id":9,"date":"2021-10-27T15:24:12","date_gmt":"2021-10-27T13:24:12","guid":{"rendered":"https:\/\/www.mailistrendy.com\/?page_id=9"},"modified":"2021-12-22T16:06:00","modified_gmt":"2021-12-22T15:06:00","slug":"shopfinder","status":"publish","type":"page","link":"https:\/\/www.mailistrendy.com\/fr\/shopfinder\/","title":{"rendered":"Shopfinder"},"content":{"rendered":"<div class=\"shopfinder-wrapper loading\">\r\n  \r\n  <div class=\"loading-section\">\r\n    <i class=\"fas fa-circle-notch fa-spin\"><\/i>\r\n  <\/div>\r\n\r\n  <div class=\"pane\">\r\n    <div class=\"pane-header\">\r\n      <span class=\"title\">\r\n        <i class=\"fa fa-arrow-left close-pane\"><\/i>\r\n        {{ title }}\r\n      <\/span>\r\n      <a class=\"go-to-googlemaps\" href=\"https:\/\/www.google.com\/maps\/dir\/\/{{ _coordinates }}\" target=\"_blank\"><i class=\"fa fa-directions\"><\/i><\/a>\r\n    <\/div>\r\n    <div class=\"pane-content\">\r\n      <ul class=\"pane-info\">\r\n\r\n        {{#_address}}\r\n          <li>\r\n            <label>Adresse<\/label>\r\n            {{ _address }}\r\n          <\/li>\r\n        {{\/_address}}\r\n\r\n        {{#_zip}}\r\n          <li>\r\n            <label>Code postal<\/label>\r\n            {{ _zip }}\r\n          <\/li>\r\n        {{\/_zip}}\r\n\r\n        {{#_city}}\r\n          <li>\r\n            <label>Ville<\/label>\r\n            {{ _city }}\r\n          <\/li>\r\n        {{\/_city}}\r\n\r\n        {{#_country}}\r\n          <li>\r\n            <label>Pays<\/label>\r\n            {{ _country }}\r\n          <\/li>\r\n        {{\/_country}}\r\n\r\n        {{#_vat}}\r\n          <li>\r\n            <label>Num\u00e9ro de TVA<\/label>\r\n            {{ _vat }}\r\n          <\/li>\r\n        {{\/_vat}}\r\n\r\n        {{#_email}}\r\n          <li>\r\n            <label>Adresse email<\/label>\r\n            {{ _email }}\r\n          <\/li>\r\n        {{\/_email}}\r\n\r\n        {{#_phone}}\r\n          <li>\r\n            <label>Num\u00e9ro de t\u00e9l\u00e9phone<\/label>\r\n            {{ _phone }}\r\n          <\/li>\r\n        {{\/_phone}}\r\n\r\n        {{#_refcomptable}}\r\n          <li>\r\n            <label>R\u00e9f\u00e9rence comptable<\/label>\r\n            {{ _refcomptable }}\r\n          <\/li>\r\n        {{\/_refcomptable}}\r\n\r\n      <\/ul>\r\n    <\/div>\r\n  <\/div>\r\n\r\n  <div class=\"shopfinder-map\"\r\n    data-action=\"https:\/\/www.mailistrendy.com\/wp-admin\/admin-ajax.php\"\r\n    data-coords=\"50.452340,4.858580\"\r\n    data-zoom=\"0\"\r\n    data-specials-resellers=\"85\"\r\n  ><\/div>\r\n\r\n  \r\n\r\n<\/div>\r\n\n<div class=\"row \"><\/p>\n<p><div class=\" col-lg-4  \"><\/p>\n<p>Trouvez le revendeur le plus proche de chez vous.<\/p>\n<p><span class=\"belgian-flag\"><\/span> Design belge<\/p>\n<p><\/div><\/p>\n<p><div class=\" col-lg-8  \"><\/p>\n<p><\/div><\/p>\n<p><\/div>\n","protected":false},"excerpt":{"rendered":"","protected":false},"author":1,"featured_media":0,"parent":0,"menu_order":0,"comment_status":"closed","ping_status":"closed","template":"","meta":{"footnotes":""},"class_list":["post-9","page","type-page","status-publish","hentry"],"_links":{"self":[{"href":"https:\/\/www.mailistrendy.com\/fr\/wp-json\/wp\/v2\/pages\/9","targetHints":{"allow":["GET"]}}],"collection":[{"href":"https:\/\/www.mailistrendy.com\/fr\/wp-json\/wp\/v2\/pages"}],"about":[{"href":"https:\/\/www.mailistrendy.com\/fr\/wp-json\/wp\/v2\/types\/page"}],"author":[{"embeddable":true,"href":"https:\/\/www.mailistrendy.com\/fr\/wp-json\/wp\/v2\/users\/1"}],"replies":[{"embeddable":true,"href":"https:\/\/www.mailistrendy.com\/fr\/wp-json\/wp\/v2\/comments?post=9"}],"version-history":[{"count":9,"href":"https:\/\/www.mailistrendy.com\/fr\/wp-json\/wp\/v2\/pages\/9\/revisions"}],"predecessor-version":[{"id":2012,"href":"https:\/\/www.mailistrendy.com\/fr\/wp-json\/wp\/v2\/pages\/9\/revisions\/2012"}],"wp:attachment":[{"href":"https:\/\/www.mailistrendy.com\/fr\/wp-json\/wp\/v2\/media?parent=9"}],"curies":[{"name":"wp","href":"https:\/\/api.w.org\/{rel}","templated":true}]}}