{"id":11,"date":"2021-10-27T15:24:21","date_gmt":"2021-10-27T13:24:21","guid":{"rendered":"https:\/\/www.mailistrendy.com\/?page_id=11"},"modified":"2022-01-06T14:22:02","modified_gmt":"2022-01-06T13:22:02","slug":"compagnie","status":"publish","type":"page","link":"https:\/\/www.mailistrendy.com\/fr\/compagnie\/","title":{"rendered":"Compagnie"},"content":{"rendered":"<p><img loading=\"lazy\" decoding=\"async\" class=\"alignnone wp-image-60 size-full\" src=\"https:\/\/mailistrendy.maisonbienvu.net\/app\/uploads\/2021\/10\/company.png\" alt=\"\" width=\"825\" height=\"346\" srcset=\"https:\/\/www.mailistrendy.com\/wp-content\/uploads\/2021\/10\/company.png 825w, https:\/\/www.mailistrendy.com\/wp-content\/uploads\/2021\/10\/company-600x252.png 600w, https:\/\/www.mailistrendy.com\/wp-content\/uploads\/2021\/10\/company-300x126.png 300w, https:\/\/www.mailistrendy.com\/wp-content\/uploads\/2021\/10\/company-768x322.png 768w\" sizes=\"auto, (max-width: 825px) 100vw, 825px\" \/><\/p>\n<p>Au d\u00e9part, il y a Fabian Demarche, opticien dynamique et passionn\u00e9 par son m\u00e9tier, il cr\u00e9e son magasin d\u2019optique dans la belle ville de Namur.<\/p>\n<p>Six ans plus tard, en 2007, n\u2019\u00e9tant pas pleinement satisfait par les mod\u00e8les que lui proposent ses fournisseurs, il d\u00e9cide de dessiner lui-m\u00eame une collection de 6 mod\u00e8les qu\u2019il fait fabriquer et qu\u2019il appelle Ma\u00eflis Trendy.<\/p>\n<p>\u00ab Ma\u00eflis \u00bb en r\u00e9f\u00e9rence au pr\u00e9nom de sa fille qui vient de na\u00eetre et \u00ab Trendy \u00bb car la collection veut toujours \u00eatre tendance et pleine de couleurs.<\/p>\n<p>Fabian les vend tout d\u2019abord dans son propre magasin ainsi qu\u2019\u00e0 ses amis opticiens, mais ce n\u2019est que le d\u00e9but d\u2019une belle aventure !<\/p>\n<p>La soci\u00e9t\u00e9 prend un tournant d\u00e9cisif en 2010 en entreprenant la cr\u00e9ation d\u2019une vraie collection de 45 mod\u00e8les dans des mat\u00e9riaux classiques, ac\u00e9tate et m\u00e9tal tout en testant aussi les nouvelles mati\u00e8res. C\u2019est une collection tr\u00e8s color\u00e9e avec des mod\u00e8les originaux et efficaces tout en restant dans un budget accessible \u00e0 tous. Et petit clin d\u2019oeil: chaque nouveau mod\u00e8le d\u00e9clin\u00e9 en quatre couleurs porte le nom d\u2019une ville de Belgique.<\/p>\n<p>Ma\u00eflis Trendy explore les volumes, les mati\u00e8res et les couleurs pour maintenir un \u00e9quilibre entre modernit\u00e9, sobri\u00e9t\u00e9 et fonctionnalit\u00e9, tout en veillant \u00e0 garder toujours cette coh\u00e9rence qui en fait, petit \u00e0 petit, un classique de la luneterie cr\u00e9ateur belge.<\/p>\n<p>La collection est renouvel\u00e9e tous les trois mois par l\u2019arriv\u00e9e de nombreux nouveaux mod\u00e8les qui sont un m\u00e9lange de cr\u00e9ation, de savoir-faire, de passion avec toujours la volont\u00e9 de survoler les caprices de la mode et d\u2019effectuer le mariage des contraires\u2026<\/p>\n<p>La collection comporte aujourd\u2019hui plus de 150 mod\u00e8les et copte encore s\u2019agrandir davantage.<\/p>\n<p>Tout cela pour vous plaire!<\/p>\n<div class=\"mailis-gallery\">\r\n  <div class=\"mailis-gallery-grid mailis-gallery-col-3\">\r\n                <div class=\"mailis-gallery-item-wrapper\">\r\n                  <span class=\"mailis-gallery-item\" style=\"background-image:url(https:\/\/www.mailistrendy.com\/wp-content\/uploads\/2021\/10\/namur-3-1.jpg)\">\r\n                    \r\n            <img decoding=\"async\" src=\"https:\/\/dummyimage.com\/1200x900\/fff\/fff\" class=\"img-fluid\" \/>\r\n\r\n                        \r\n          <\/span>\r\n                              <\/div>\r\n                <div class=\"mailis-gallery-item-wrapper\">\r\n                  <span class=\"mailis-gallery-item\" style=\"background-image:url(https:\/\/www.mailistrendy.com\/wp-content\/uploads\/2021\/10\/namur-1-1.jpg)\">\r\n                    \r\n            <img decoding=\"async\" src=\"https:\/\/dummyimage.com\/1200x900\/fff\/fff\" class=\"img-fluid\" \/>\r\n\r\n                        \r\n          <\/span>\r\n                              <\/div>\r\n                <div class=\"mailis-gallery-item-wrapper\">\r\n                  <span class=\"mailis-gallery-item\" style=\"background-image:url(https:\/\/www.mailistrendy.com\/wp-content\/uploads\/2021\/10\/namur-2-1.jpg)\">\r\n                    \r\n            <img decoding=\"async\" src=\"https:\/\/dummyimage.com\/1200x900\/fff\/fff\" class=\"img-fluid\" \/>\r\n\r\n                        \r\n          <\/span>\r\n                              <\/div>\r\n      <\/div>\r\n<\/div>\r\n\n","protected":false},"excerpt":{"rendered":"<p>Au d\u00e9part, il y a Fabian Demarche, opticien dynamique et passionn\u00e9 par son m\u00e9tier, il cr\u00e9e son magasin d\u2019optique dans la belle ville de Namur. Six ans plus tard, en 2007, n\u2019\u00e9tant pas pleinement satisfait par les mod\u00e8les que lui proposent ses fournisseurs, il d\u00e9cide de dessiner lui-m\u00eame une collection de 6 mod\u00e8les qu\u2019il fait &hellip; <a href=\"https:\/\/www.mailistrendy.com\/fr\/compagnie\/\">Continued<\/a><\/p>\n","protected":false},"author":1,"featured_media":0,"parent":0,"menu_order":0,"comment_status":"closed","ping_status":"closed","template":"","meta":{"footnotes":""},"class_list":["post-11","page","type-page","status-publish","hentry"],"_links":{"self":[{"href":"https:\/\/www.mailistrendy.com\/fr\/wp-json\/wp\/v2\/pages\/11","targetHints":{"allow":["GET"]}}],"collection":[{"href":"https:\/\/www.mailistrendy.com\/fr\/wp-json\/wp\/v2\/pages"}],"about":[{"href":"https:\/\/www.mailistrendy.com\/fr\/wp-json\/wp\/v2\/types\/page"}],"author":[{"embeddable":true,"href":"https:\/\/www.mailistrendy.com\/fr\/wp-json\/wp\/v2\/users\/1"}],"replies":[{"embeddable":true,"href":"https:\/\/www.mailistrendy.com\/fr\/wp-json\/wp\/v2\/comments?post=11"}],"version-history":[{"count":8,"href":"https:\/\/www.mailistrendy.com\/fr\/wp-json\/wp\/v2\/pages\/11\/revisions"}],"predecessor-version":[{"id":2027,"href":"https:\/\/www.mailistrendy.com\/fr\/wp-json\/wp\/v2\/pages\/11\/revisions\/2027"}],"wp:attachment":[{"href":"https:\/\/www.mailistrendy.com\/fr\/wp-json\/wp\/v2\/media?parent=11"}],"curies":[{"name":"wp","href":"https:\/\/api.w.org\/{rel}","templated":true}]}}